{"id":30,"date":"2024-07-10T16:10:13","date_gmt":"2024-07-10T16:10:13","guid":{"rendered":"https:\/\/kilenstudios.no\/?page_id=30"},"modified":"2026-01-22T11:10:36","modified_gmt":"2026-01-22T11:10:36","slug":"prislister","status":"publish","type":"page","link":"https:\/\/kilenstudios.no\/?page_id=30","title":{"rendered":"Prislister"},"content":{"rendered":"\n<p><em>Studenter f\u00e5r studentrabatt p\u00e5 10 % p\u00e5 alle enkelttimer!<\/em><\/p>\n\n\n\n<p><em>Er du student innenfor ut\u00f8vende kunst f\u00e5r du rabatt p\u00e5 15 % p\u00e5 enkelttimer!<\/em><\/p>\n\n\n\n<p><em>VIKTIG: Har du litt stram \u00f8konomi? Send oss en e-post s\u00e5 kan vi finne ut av det sammen!<\/em><\/p>\n\n\n\n<h2 class=\"wp-block-heading\">Sangtimer<\/h2>\n\n\n\n<p>30 min = 425 kr<\/p>\n\n\n\n<p>40 min = 600 kr<\/p>\n\n\n\n<p>60 min = 700 kr<\/p>\n\n\n\n<p>90 min = 1.050 kr<\/p>\n\n\n\n<p><strong>Pakkepris 1: <\/strong>5 x 30 min = 2.000 kr<br><strong>Pakkepris 2:<\/strong> 10 x 30 min = 3.600 kr<\/p>\n\n\n\n<p><strong>Pakkepris 3: <\/strong>30 x 30 min = 10.250 kr<\/p>\n\n\n\n<p><strong>Pakkepris 4:<\/strong> 5 x 40 min = 2.900 kr<\/p>\n\n\n\n<p><strong>Pakkepris 5: <\/strong>10 x 40 min = 5.400 kr<\/p>\n\n\n\n<p><strong>Pakkepris 6: <\/strong>30 x 40 min = 16.000kr<\/p>\n\n\n\n<p><strong>Pakkepris 7:<\/strong> 5 x 60 min = 3.300 kr<\/p>\n\n\n\n<p><strong>Pakkepris 8:<\/strong> 10 x 60 min = 6.300 kr<\/p>\n\n\n\n<p><strong>Pakkepris 9:<\/strong> 30 x 60 min = 18.500 kr<\/p>\n\n\n\n<p><\/p>\n\n\n\n<h2 class=\"wp-block-heading\">Pust &amp; Stemmehelsetimer<\/h2>\n\n\n\n<p>40 min = 600 kr<\/p>\n\n\n\n<p>60 min = 700 kr<\/p>\n\n\n\n<p><\/p>\n\n\n\n<h2 class=\"wp-block-heading\">Avspenningstimer<\/h2>\n\n\n\n<p>40 min = 600 kr<\/p>\n\n\n\n<p>60 min = 700 kr<\/p>\n\n\n\n<p><\/p>\n\n\n\n<h2 class=\"wp-block-heading\">Skuespillarbeid<\/h2>\n\n\n\n<p>40 min = 650 kr<\/p>\n\n\n\n<p>60 min = 750 kr<\/p>\n\n\n\n<p><strong>Pakkepris 1: <\/strong>5 x 40 min = 3.000 kr<\/p>\n\n\n\n<p><strong>Pakkepris 2: <\/strong>10 x 40 min = 5.850 kr<\/p>\n\n\n\n<p><strong>Pakkepris 3:<\/strong> 30 x 40 min = 17.000 kr<\/p>\n\n\n\n<p><strong>Pakkepris 4: <\/strong>5 x 60 min = 3.500 kr<\/p>\n\n\n\n<p><strong>Pakkepris 5: <\/strong>10 x 60 min = 6.750 kr<\/p>\n\n\n\n<p><strong>Pakkepris 6:<\/strong> 30 x 60 min = 19.900 kr<\/p>\n\n\n\n<p><span style=\"text-decoration: underline;\">Auditionforberedelser (90 min):<\/span> 1.200kr<\/p>\n\n\n\n<p><\/p>\n\n\n\n<h2 class=\"wp-block-heading\">Betaling<\/h2>\n\n\n\n<p>Du kan betale via VIPPS: Kilen Studios #938499, eller s\u00e5 f\u00e5r du tilsendt faktura!<\/p>\n\n\n\n<p><strong>Informasjon om betaling via VIPPS<\/strong><\/p>\n\n\n\n<ul class=\"wp-block-list\">\n<li>Skriv ditt fulle navn<\/li>\n\n\n\n<li>Skriv hvilket produkt du har kj\u00f8pt<\/li>\n<\/ul>\n\n\n\n<p><strong>Et eksempel<\/strong>:<\/p>\n\n\n\n<p><em>Bel\u00f8p: 3.600kr<\/em><\/p>\n\n\n\n<p><em>Ola Nordmann, Pakkepris 2 p\u00e5 privattimer i sang<\/em><\/p>\n\n\n\n<p>Minner om at du IKKE m\u00e5 betale f\u00f8r du har f\u00e5tt bekreftelse av oss p\u00e5 mail! <\/p>\n\n\n\n<figure class=\"wp-block-image size-full\"><img loading=\"lazy\" decoding=\"async\" width=\"800\" height=\"800\" src=\"https:\/\/kilenstudios.no\/wp-content\/uploads\/2024\/07\/IMG_0702-1.png\" alt=\"\" class=\"wp-image-46\" srcset=\"https:\/\/kilenstudios.no\/wp-content\/uploads\/2024\/07\/IMG_0702-1.png 800w, https:\/\/kilenstudios.no\/wp-content\/uploads\/2024\/07\/IMG_0702-1-300x300.png 300w, https:\/\/kilenstudios.no\/wp-content\/uploads\/2024\/07\/IMG_0702-1-150x150.png 150w, https:\/\/kilenstudios.no\/wp-content\/uploads\/2024\/07\/IMG_0702-1-768x768.png 768w\" sizes=\"auto, (max-width: 800px) 100vw, 800px\" \/><\/figure>\n\n\n\n<p><em>Minner om at refundering av privattimer\/kurs\/workshop ikke er tilgjengelig med mindre Kilen Studios m\u00e5 avlyse timene!<\/em> <em>Det er 24 timers varsel for kansellering av en privattime p\u00e5 grunn av sykdom. <\/em><\/p>\n","protected":false},"excerpt":{"rendered":"<p>Studenter f\u00e5r studentrabatt p\u00e5 10 % p\u00e5 alle enkelttimer! Er du student innenfor ut\u00f8vende kunst f\u00e5r du rabatt p\u00e5 15 % p\u00e5 enkelttimer! VIKTIG: Har du litt stram \u00f8konomi? Send oss en e-post s\u00e5 kan vi finne ut av det sammen! Sangtimer 30 min = 425 kr 40 min = 600 kr 60 min = [&hellip;]<\/p>\n","protected":false},"author":1,"featured_media":0,"parent":0,"menu_order":0,"comment_status":"closed","ping_status":"closed","template":"","meta":{"footnotes":""},"class_list":["post-30","page","type-page","status-publish","hentry"],"_links":{"self":[{"href":"https:\/\/kilenstudios.no\/index.php?rest_route=\/wp\/v2\/pages\/30","targetHints":{"allow":["GET"]}}],"collection":[{"href":"https:\/\/kilenstudios.no\/index.php?rest_route=\/wp\/v2\/pages"}],"about":[{"href":"https:\/\/kilenstudios.no\/index.php?rest_route=\/wp\/v2\/types\/page"}],"author":[{"embeddable":true,"href":"https:\/\/kilenstudios.no\/index.php?rest_route=\/wp\/v2\/users\/1"}],"replies":[{"embeddable":true,"href":"https:\/\/kilenstudios.no\/index.php?rest_route=%2Fwp%2Fv2%2Fcomments&post=30"}],"version-history":[{"count":27,"href":"https:\/\/kilenstudios.no\/index.php?rest_route=\/wp\/v2\/pages\/30\/revisions"}],"predecessor-version":[{"id":277,"href":"https:\/\/kilenstudios.no\/index.php?rest_route=\/wp\/v2\/pages\/30\/revisions\/277"}],"wp:attachment":[{"href":"https:\/\/kilenstudios.no\/index.php?rest_route=%2Fwp%2Fv2%2Fmedia&parent=30"}],"curies":[{"name":"wp","href":"https:\/\/api.w.org\/{rel}","templated":true}]}}