{"id":28,"date":"2024-07-11T06:14:51","date_gmt":"2024-07-11T06:14:51","guid":{"rendered":"https:\/\/kilenstudios.no\/?page_id=28"},"modified":"2024-11-04T06:37:30","modified_gmt":"2024-11-04T06:37:30","slug":"privattimer","status":"publish","type":"page","link":"https:\/\/kilenstudios.no\/?page_id=28","title":{"rendered":"Privattimer"},"content":{"rendered":"\n<h2 class=\"wp-block-heading\">Sangtimer<\/h2>\n\n\n\n<p>Er du klar til \u00e5 ta sangferdighetene dine til neste niv\u00e5? <\/p>\n\n\n\n<p>Bestill privattimer i sang hos Kilen Studios med v\u00e5r dyktige instrukt\u00f8r, Anna Karina Kilen!<\/p>\n\n\n\n<p>Anna er ekspert p\u00e5 sangteknikk og skreddersyr hver eneste time etter dine unike behov. Uansett om du \u00f8nsker \u00e5 forbedre dine vokale ferdigheter, forberede deg til en viktig audition eller opptakspr\u00f8ve, trenger finpussing som profesjonell sanger, eller bare vil synge fordi det er en morsom hobby, er Anna her for \u00e5 hjelpe deg!<\/p>\n\n\n\n<p>Med sin spesialkompetanse innen musikal og pop, vil Anna hjelpe deg med \u00e5 oppn\u00e5 dine musikalske m\u00e5l. Hun har ogs\u00e5 spesialisert seg innen stemmehelse og vil alltid fokusere p\u00e5 at du bruker stemmen din riktig, slik at du ikke \u00f8delegger det fine instrumentet ditt. <\/p>\n\n\n\n<p>Opplev gleden av personlig veiledning fra en som virkelig forst\u00e5r hvordan \u00e5 bringe frem det beste i stemmen din.<\/p>\n\n\n\n<p>Ta steget i dag og book dine privattimer hos Kilen Studios med Anna Karina Kilen \u2013 hvor ditt sangpotensial blir virkelighet!<\/p>\n\n\n\n<div class=\"wp-block-buttons is-layout-flex wp-block-buttons-is-layout-flex\">\n<div class=\"wp-block-button\"><a class=\"wp-block-button__link wp-element-button\" href=\"https:\/\/forms.gle\/ifCREBwcJN9uXm8B8\">Bestill time<\/a><\/div>\n<\/div>\n\n\n\n<h2 class=\"wp-block-heading\">Pust\/Stemmehelse<\/h2>\n\n\n\n<p>Er du klar over hvor viktig pust og stemmehelse er for livskvaliteten din? <\/p>\n\n\n\n<p>Hos Kilen Studios tilbyr vi spesialiserte timer som fokuserer p\u00e5 pusteteknikk og stemmehelse, ledet av v\u00e5r dyktige instrukt\u00f8r, Anna Karina Kilen.<\/p>\n\n\n\n<p>Anna har omfattende erfaring og kunnskap innen stemmehelse, og hun forst\u00e5r viktigheten av \u00e5 bruke stemmen riktig for \u00e5 unng\u00e5 skader. I v\u00e5re timer vil du l\u00e6re hvordan du kan forbedre din pusteteknikk, styrke dine vokale ferdigheter, og opprettholde en sunn stemme.<\/p>\n\n\n\n<p>Enten du er en sanger, skuespiller, eller har en jobb som krever mye stemmebruk, som for eksempel l\u00e6rer, vil Annas veiledning sikre at du bruker stemmen din p\u00e5 en trygg og effektiv m\u00e5te. Ved \u00e5 fokusere p\u00e5 pust og stemmehelse, vil du oppdage en ny verden av muligheter for din vokale utvikling.<\/p>\n\n\n\n<p>Invester i din stemmehelse og opplev forskjellen hos Kilen Studios med Anna Karina Kilen. Book din time i dag og oppdag hemmelighetene bak en sterk og sunn stemme!<\/p>\n\n\n\n<div class=\"wp-block-buttons is-layout-flex wp-block-buttons-is-layout-flex\">\n<div class=\"wp-block-button\"><a class=\"wp-block-button__link wp-element-button\" href=\"https:\/\/forms.gle\/ifCREBwcJN9uXm8B8\">Bestill time<\/a><\/div>\n<\/div>\n\n\n\n<h2 class=\"wp-block-heading\">Avspenningstimer<\/h2>\n\n\n\n<p>\u00d8nsker du \u00e5 finne ro og balanse i en hektisk hverdag? <\/p>\n\n\n\n<p>Bestill avspenningstimer hos Kilen Studios med v\u00e5r erfarne instrukt\u00f8r, Anna Karina Kilen.<\/p>\n\n\n\n<p>Anna tilbyr spesialiserte avspenningstimer som hjelper deg med \u00e5 redusere stress, l\u00f8se opp spenninger og finne indre ro. Gjennom sk\u00e5nsomme teknikker og veiledet avspenning vil du l\u00e6re hvordan du kan slippe spenninger i b\u00e5de kropp og sinn. Disse timene er perfekte for alle som \u00f8nsker \u00e5 forbedre sin mentale og fysiske velv\u00e6re.<\/p>\n\n\n\n<p>Med fokus p\u00e5 pusteteknikker, mindfulness og muskelavspenning, vil Anna hjelpe deg med \u00e5 oppn\u00e5 en dyp f\u00f8lelse av avslapning og velv\u00e6re. Uansett om du trenger en pause fra en stressende hverdag, \u00f8nsker \u00e5 forbedre din livskvalitet eller er ut\u00f8vende kunstner er v\u00e5re avspenningstimer skreddersydd for deg.<\/p>\n\n\n\n<p>Gi deg selv gaven av \u00e5 kunne f\u00e5 kontroll p\u00e5 kroppen og endelig slappe av! Bestill dine avspenningstimer hos Kilen Studios med Anna Karina Kilen i dag, og opplev forskjellen!<\/p>\n\n\n\n<div class=\"wp-block-buttons is-layout-flex wp-block-buttons-is-layout-flex\">\n<div class=\"wp-block-button\"><a class=\"wp-block-button__link wp-element-button\" href=\"https:\/\/forms.gle\/ifCREBwcJN9uXm8B8\">Bestill time<\/a><\/div>\n<\/div>\n\n\n\n<h2 class=\"wp-block-heading\">Skuespill<\/h2>\n\n\n\n<p>Vil du forbedre dine skuespillerferdigheter og mestre kunsten \u00e5 uttrykke f\u00f8lelser p\u00e5 scenen? <\/p>\n\n\n\n<p>Bestill skuespilltimer hos Kilen Studios med v\u00e5r erfarne instrukt\u00f8r, Anna Karina Kilen.<\/p>\n\n\n\n<p>Anna har en solid utdanning innen method acting og har samlet et bredt spekter av teknikker gjennom sin karriere. Hun tilbyr skuespilltimer som hjelper deg \u00e5 utvikle ditt talent, enten du er en aspirerende skuespiller eller allerede har erfaring.<\/p>\n\n\n\n<p>Men husk, skuespill er ikke bare for teater og film! Som sanger eller ut\u00f8ver er det ogs\u00e5 viktig \u00e5 kunne formidle f\u00f8lelser og historier gjennom din opptreden. Annas skuespilltimer er derfor ideelle for sangere og andre kunstnere som \u00f8nsker \u00e5 forbedre sin scenetilstedev\u00e6relse og uttrykkskraft.<\/p>\n\n\n\n<p>Ta det neste steget i din kunstneriske reise. Bestill skuespilltimer hos Kilen Studios med Anna Karina Kilen i dag, og oppdag hvordan skuespillteknikker kan berike din formidling og opptreden!<\/p>\n\n\n\n<div class=\"wp-block-buttons is-layout-flex wp-block-buttons-is-layout-flex\">\n<div class=\"wp-block-button\"><a class=\"wp-block-button__link wp-element-button\" href=\"https:\/\/forms.gle\/ifCREBwcJN9uXm8B8\">Bestill time<\/a><\/div>\n<\/div>\n","protected":false},"excerpt":{"rendered":"<p>Sangtimer Er du klar til \u00e5 ta sangferdighetene dine til neste niv\u00e5? Bestill privattimer i sang hos Kilen Studios med v\u00e5r dyktige instrukt\u00f8r, Anna Karina Kilen! Anna er ekspert p\u00e5 sangteknikk og skreddersyr hver eneste time etter dine unike behov. Uansett om du \u00f8nsker \u00e5 forbedre dine vokale ferdigheter, forberede deg til en viktig audition [&hellip;]<\/p>\n","protected":false},"author":1,"featured_media":0,"parent":0,"menu_order":0,"comment_status":"closed","ping_status":"closed","template":"","meta":{"footnotes":""},"class_list":["post-28","page","type-page","status-publish","hentry"],"_links":{"self":[{"href":"https:\/\/kilenstudios.no\/index.php?rest_route=\/wp\/v2\/pages\/28","targetHints":{"allow":["GET"]}}],"collection":[{"href":"https:\/\/kilenstudios.no\/index.php?rest_route=\/wp\/v2\/pages"}],"about":[{"href":"https:\/\/kilenstudios.no\/index.php?rest_route=\/wp\/v2\/types\/page"}],"author":[{"embeddable":true,"href":"https:\/\/kilenstudios.no\/index.php?rest_route=\/wp\/v2\/users\/1"}],"replies":[{"embeddable":true,"href":"https:\/\/kilenstudios.no\/index.php?rest_route=%2Fwp%2Fv2%2Fcomments&post=28"}],"version-history":[{"count":3,"href":"https:\/\/kilenstudios.no\/index.php?rest_route=\/wp\/v2\/pages\/28\/revisions"}],"predecessor-version":[{"id":120,"href":"https:\/\/kilenstudios.no\/index.php?rest_route=\/wp\/v2\/pages\/28\/revisions\/120"}],"wp:attachment":[{"href":"https:\/\/kilenstudios.no\/index.php?rest_route=%2Fwp%2Fv2%2Fmedia&parent=28"}],"curies":[{"name":"wp","href":"https:\/\/api.w.org\/{rel}","templated":true}]}}