{"id":210,"date":"2025-08-24T06:56:17","date_gmt":"2025-08-24T06:56:17","guid":{"rendered":"https:\/\/kilenstudios.no\/?page_id=210"},"modified":"2025-08-24T07:07:48","modified_gmt":"2025-08-24T07:07:48","slug":"kilen-photos","status":"publish","type":"page","link":"https:\/\/kilenstudios.no\/?page_id=210","title":{"rendered":"Kilen Photos"},"content":{"rendered":"\n<h2 class=\"wp-block-heading\">Trenger du nye bilder?<\/h2>\n\n\n\n<p>Anna Karina Kilen er v\u00e5r fotograf og er tilgjengelig for b\u00e5de headshots, gruppebilder og arrangementer. Se portef\u00f8ljen p\u00e5 Instagram: @kilenphotos<\/p>\n\n\n\n<div class=\"wp-block-buttons is-layout-flex wp-block-buttons-is-layout-flex\">\n<div class=\"wp-block-button\"><a class=\"wp-block-button__link wp-element-button\" href=\"https:\/\/kilenstudios.no\/?page_id=245\">Arrangementer <\/a><\/div>\n<\/div>\n\n\n\n<figure class=\"wp-block-gallery has-nested-images columns-default is-cropped wp-block-gallery-1 is-layout-flex wp-block-gallery-is-layout-flex\">\n<figure class=\"wp-block-image size-large\"><img loading=\"lazy\" decoding=\"async\" width=\"683\" height=\"1024\" data-id=\"231\" src=\"https:\/\/kilenstudios.no\/wp-content\/uploads\/2025\/08\/IMG_0245-683x1024.jpg\" alt=\"\" class=\"wp-image-231\" srcset=\"https:\/\/kilenstudios.no\/wp-content\/uploads\/2025\/08\/IMG_0245-683x1024.jpg 683w, https:\/\/kilenstudios.no\/wp-content\/uploads\/2025\/08\/IMG_0245-200x300.jpg 200w, https:\/\/kilenstudios.no\/wp-content\/uploads\/2025\/08\/IMG_0245-768x1152.jpg 768w, https:\/\/kilenstudios.no\/wp-content\/uploads\/2025\/08\/IMG_0245-1024x1536.jpg 1024w, https:\/\/kilenstudios.no\/wp-content\/uploads\/2025\/08\/IMG_0245.jpg 1365w\" sizes=\"auto, (max-width: 683px) 100vw, 683px\" \/><\/figure>\n\n\n\n<figure class=\"wp-block-image size-large\"><img loading=\"lazy\" decoding=\"async\" width=\"683\" height=\"1024\" data-id=\"230\" src=\"https:\/\/kilenstudios.no\/wp-content\/uploads\/2025\/08\/IMG_5368-683x1024.jpg\" alt=\"\" class=\"wp-image-230\" srcset=\"https:\/\/kilenstudios.no\/wp-content\/uploads\/2025\/08\/IMG_5368-683x1024.jpg 683w, https:\/\/kilenstudios.no\/wp-content\/uploads\/2025\/08\/IMG_5368-200x300.jpg 200w, https:\/\/kilenstudios.no\/wp-content\/uploads\/2025\/08\/IMG_5368-768x1152.jpg 768w, https:\/\/kilenstudios.no\/wp-content\/uploads\/2025\/08\/IMG_5368-1024x1536.jpg 1024w, https:\/\/kilenstudios.no\/wp-content\/uploads\/2025\/08\/IMG_5368.jpg 1365w\" sizes=\"auto, (max-width: 683px) 100vw, 683px\" \/><\/figure>\n\n\n\n<figure class=\"wp-block-image size-large\"><img loading=\"lazy\" decoding=\"async\" width=\"683\" height=\"1024\" data-id=\"232\" src=\"https:\/\/kilenstudios.no\/wp-content\/uploads\/2025\/08\/IMG_5810-683x1024.jpg\" alt=\"\" class=\"wp-image-232\" srcset=\"https:\/\/kilenstudios.no\/wp-content\/uploads\/2025\/08\/IMG_5810-683x1024.jpg 683w, https:\/\/kilenstudios.no\/wp-content\/uploads\/2025\/08\/IMG_5810-200x300.jpg 200w, https:\/\/kilenstudios.no\/wp-content\/uploads\/2025\/08\/IMG_5810-768x1152.jpg 768w, https:\/\/kilenstudios.no\/wp-content\/uploads\/2025\/08\/IMG_5810-1024x1536.jpg 1024w, https:\/\/kilenstudios.no\/wp-content\/uploads\/2025\/08\/IMG_5810.jpg 1365w\" sizes=\"auto, (max-width: 683px) 100vw, 683px\" \/><\/figure>\n\n\n\n<figure class=\"wp-block-image size-large\"><img loading=\"lazy\" decoding=\"async\" width=\"683\" height=\"1024\" data-id=\"228\" src=\"https:\/\/kilenstudios.no\/wp-content\/uploads\/2025\/08\/IMG_5807-683x1024.jpg\" alt=\"\" class=\"wp-image-228\" srcset=\"https:\/\/kilenstudios.no\/wp-content\/uploads\/2025\/08\/IMG_5807-683x1024.jpg 683w, https:\/\/kilenstudios.no\/wp-content\/uploads\/2025\/08\/IMG_5807-200x300.jpg 200w, https:\/\/kilenstudios.no\/wp-content\/uploads\/2025\/08\/IMG_5807-768x1152.jpg 768w, https:\/\/kilenstudios.no\/wp-content\/uploads\/2025\/08\/IMG_5807-1024x1536.jpg 1024w, https:\/\/kilenstudios.no\/wp-content\/uploads\/2025\/08\/IMG_5807.jpg 1365w\" sizes=\"auto, (max-width: 683px) 100vw, 683px\" \/><\/figure>\n\n\n\n<figure class=\"wp-block-image size-large\"><img loading=\"lazy\" decoding=\"async\" width=\"683\" height=\"1024\" data-id=\"237\" src=\"https:\/\/kilenstudios.no\/wp-content\/uploads\/2025\/08\/IMG_0210-683x1024.jpg\" alt=\"\" class=\"wp-image-237\" srcset=\"https:\/\/kilenstudios.no\/wp-content\/uploads\/2025\/08\/IMG_0210-683x1024.jpg 683w, https:\/\/kilenstudios.no\/wp-content\/uploads\/2025\/08\/IMG_0210-200x300.jpg 200w, https:\/\/kilenstudios.no\/wp-content\/uploads\/2025\/08\/IMG_0210-768x1152.jpg 768w, https:\/\/kilenstudios.no\/wp-content\/uploads\/2025\/08\/IMG_0210-1024x1536.jpg 1024w, https:\/\/kilenstudios.no\/wp-content\/uploads\/2025\/08\/IMG_0210.jpg 1365w\" sizes=\"auto, (max-width: 683px) 100vw, 683px\" \/><\/figure>\n<\/figure>\n\n\n\n<figure class=\"wp-block-gallery has-nested-images columns-default is-cropped wp-block-gallery-2 is-layout-flex wp-block-gallery-is-layout-flex\">\n<figure class=\"wp-block-image size-large\"><img loading=\"lazy\" decoding=\"async\" width=\"748\" height=\"1024\" data-id=\"235\" src=\"https:\/\/kilenstudios.no\/wp-content\/uploads\/2025\/08\/IMG_6250-748x1024.jpg\" alt=\"\" class=\"wp-image-235\" srcset=\"https:\/\/kilenstudios.no\/wp-content\/uploads\/2025\/08\/IMG_6250-748x1024.jpg 748w, https:\/\/kilenstudios.no\/wp-content\/uploads\/2025\/08\/IMG_6250-219x300.jpg 219w, https:\/\/kilenstudios.no\/wp-content\/uploads\/2025\/08\/IMG_6250-768x1051.jpg 768w, https:\/\/kilenstudios.no\/wp-content\/uploads\/2025\/08\/IMG_6250-1122x1536.jpg 1122w, https:\/\/kilenstudios.no\/wp-content\/uploads\/2025\/08\/IMG_6250.jpg 1496w\" sizes=\"auto, (max-width: 748px) 100vw, 748px\" \/><\/figure>\n\n\n\n<figure class=\"wp-block-image size-large\"><img loading=\"lazy\" decoding=\"async\" width=\"748\" height=\"1024\" data-id=\"226\" src=\"https:\/\/kilenstudios.no\/wp-content\/uploads\/2025\/08\/IMG_6244-748x1024.jpg\" alt=\"\" class=\"wp-image-226\" srcset=\"https:\/\/kilenstudios.no\/wp-content\/uploads\/2025\/08\/IMG_6244-748x1024.jpg 748w, https:\/\/kilenstudios.no\/wp-content\/uploads\/2025\/08\/IMG_6244-219x300.jpg 219w, https:\/\/kilenstudios.no\/wp-content\/uploads\/2025\/08\/IMG_6244-768x1051.jpg 768w, https:\/\/kilenstudios.no\/wp-content\/uploads\/2025\/08\/IMG_6244-1122x1536.jpg 1122w, https:\/\/kilenstudios.no\/wp-content\/uploads\/2025\/08\/IMG_6244.jpg 1496w\" sizes=\"auto, (max-width: 748px) 100vw, 748px\" \/><\/figure>\n\n\n\n<figure class=\"wp-block-image size-large\"><img loading=\"lazy\" decoding=\"async\" width=\"683\" height=\"1024\" data-id=\"233\" src=\"https:\/\/kilenstudios.no\/wp-content\/uploads\/2025\/08\/IMG_6106-683x1024.jpg\" alt=\"\" class=\"wp-image-233\" srcset=\"https:\/\/kilenstudios.no\/wp-content\/uploads\/2025\/08\/IMG_6106-683x1024.jpg 683w, https:\/\/kilenstudios.no\/wp-content\/uploads\/2025\/08\/IMG_6106-200x300.jpg 200w, https:\/\/kilenstudios.no\/wp-content\/uploads\/2025\/08\/IMG_6106-768x1152.jpg 768w, https:\/\/kilenstudios.no\/wp-content\/uploads\/2025\/08\/IMG_6106-1024x1536.jpg 1024w, https:\/\/kilenstudios.no\/wp-content\/uploads\/2025\/08\/IMG_6106.jpg 1365w\" sizes=\"auto, (max-width: 683px) 100vw, 683px\" \/><\/figure>\n\n\n\n<figure class=\"wp-block-image size-large\"><img loading=\"lazy\" decoding=\"async\" width=\"683\" height=\"1024\" data-id=\"223\" src=\"https:\/\/kilenstudios.no\/wp-content\/uploads\/2025\/08\/IMG_6063-683x1024.jpg\" alt=\"\" class=\"wp-image-223\" srcset=\"https:\/\/kilenstudios.no\/wp-content\/uploads\/2025\/08\/IMG_6063-683x1024.jpg 683w, https:\/\/kilenstudios.no\/wp-content\/uploads\/2025\/08\/IMG_6063-200x300.jpg 200w, https:\/\/kilenstudios.no\/wp-content\/uploads\/2025\/08\/IMG_6063-768x1152.jpg 768w, https:\/\/kilenstudios.no\/wp-content\/uploads\/2025\/08\/IMG_6063-1024x1536.jpg 1024w, https:\/\/kilenstudios.no\/wp-content\/uploads\/2025\/08\/IMG_6063.jpg 1365w\" sizes=\"auto, (max-width: 683px) 100vw, 683px\" \/><\/figure>\n<\/figure>\n\n\n\n<figure class=\"wp-block-gallery has-nested-images columns-default is-cropped wp-block-gallery-3 is-layout-flex wp-block-gallery-is-layout-flex\">\n<figure class=\"wp-block-image size-large\"><img loading=\"lazy\" decoding=\"async\" width=\"1024\" height=\"683\" data-id=\"236\" src=\"https:\/\/kilenstudios.no\/wp-content\/uploads\/2025\/08\/IMG_6835-1024x683.jpg\" alt=\"\" class=\"wp-image-236\" srcset=\"https:\/\/kilenstudios.no\/wp-content\/uploads\/2025\/08\/IMG_6835-1024x683.jpg 1024w, https:\/\/kilenstudios.no\/wp-content\/uploads\/2025\/08\/IMG_6835-300x200.jpg 300w, https:\/\/kilenstudios.no\/wp-content\/uploads\/2025\/08\/IMG_6835-768x512.jpg 768w, https:\/\/kilenstudios.no\/wp-content\/uploads\/2025\/08\/IMG_6835-1536x1024.jpg 1536w, https:\/\/kilenstudios.no\/wp-content\/uploads\/2025\/08\/IMG_6835.jpg 2048w\" sizes=\"auto, (max-width: 1024px) 100vw, 1024px\" \/><\/figure>\n\n\n\n<figure class=\"wp-block-image size-large\"><img loading=\"lazy\" decoding=\"async\" width=\"683\" height=\"1024\" data-id=\"234\" src=\"https:\/\/kilenstudios.no\/wp-content\/uploads\/2025\/08\/IMG_6644-683x1024.jpg\" alt=\"\" class=\"wp-image-234\" srcset=\"https:\/\/kilenstudios.no\/wp-content\/uploads\/2025\/08\/IMG_6644-683x1024.jpg 683w, https:\/\/kilenstudios.no\/wp-content\/uploads\/2025\/08\/IMG_6644-200x300.jpg 200w, https:\/\/kilenstudios.no\/wp-content\/uploads\/2025\/08\/IMG_6644-768x1152.jpg 768w, https:\/\/kilenstudios.no\/wp-content\/uploads\/2025\/08\/IMG_6644-1024x1536.jpg 1024w, https:\/\/kilenstudios.no\/wp-content\/uploads\/2025\/08\/IMG_6644.jpg 1365w\" sizes=\"auto, (max-width: 683px) 100vw, 683px\" \/><\/figure>\n\n\n\n<figure class=\"wp-block-image size-large\"><img loading=\"lazy\" decoding=\"async\" width=\"683\" height=\"1024\" data-id=\"229\" src=\"https:\/\/kilenstudios.no\/wp-content\/uploads\/2025\/08\/IMG_5129-683x1024.jpg\" alt=\"\" class=\"wp-image-229\" srcset=\"https:\/\/kilenstudios.no\/wp-content\/uploads\/2025\/08\/IMG_5129-683x1024.jpg 683w, https:\/\/kilenstudios.no\/wp-content\/uploads\/2025\/08\/IMG_5129-200x300.jpg 200w, https:\/\/kilenstudios.no\/wp-content\/uploads\/2025\/08\/IMG_5129-768x1152.jpg 768w, https:\/\/kilenstudios.no\/wp-content\/uploads\/2025\/08\/IMG_5129-1024x1536.jpg 1024w, https:\/\/kilenstudios.no\/wp-content\/uploads\/2025\/08\/IMG_5129.jpg 1365w\" sizes=\"auto, (max-width: 683px) 100vw, 683px\" \/><\/figure>\n\n\n\n<figure class=\"wp-block-image size-large\"><img loading=\"lazy\" decoding=\"async\" width=\"1024\" height=\"683\" data-id=\"227\" src=\"https:\/\/kilenstudios.no\/wp-content\/uploads\/2025\/08\/IMG_6903-1024x683.jpg\" alt=\"\" class=\"wp-image-227\" srcset=\"https:\/\/kilenstudios.no\/wp-content\/uploads\/2025\/08\/IMG_6903-1024x683.jpg 1024w, https:\/\/kilenstudios.no\/wp-content\/uploads\/2025\/08\/IMG_6903-300x200.jpg 300w, https:\/\/kilenstudios.no\/wp-content\/uploads\/2025\/08\/IMG_6903-768x512.jpg 768w, https:\/\/kilenstudios.no\/wp-content\/uploads\/2025\/08\/IMG_6903-1536x1024.jpg 1536w, https:\/\/kilenstudios.no\/wp-content\/uploads\/2025\/08\/IMG_6903.jpg 2048w\" sizes=\"auto, (max-width: 1024px) 100vw, 1024px\" \/><\/figure>\n\n\n\n<figure class=\"wp-block-image size-large\"><img loading=\"lazy\" decoding=\"async\" width=\"1024\" height=\"683\" data-id=\"225\" src=\"https:\/\/kilenstudios.no\/wp-content\/uploads\/2025\/08\/IMG_5219-1024x683.jpg\" alt=\"\" class=\"wp-image-225\" srcset=\"https:\/\/kilenstudios.no\/wp-content\/uploads\/2025\/08\/IMG_5219-1024x683.jpg 1024w, https:\/\/kilenstudios.no\/wp-content\/uploads\/2025\/08\/IMG_5219-300x200.jpg 300w, https:\/\/kilenstudios.no\/wp-content\/uploads\/2025\/08\/IMG_5219-768x512.jpg 768w, https:\/\/kilenstudios.no\/wp-content\/uploads\/2025\/08\/IMG_5219-1536x1024.jpg 1536w, https:\/\/kilenstudios.no\/wp-content\/uploads\/2025\/08\/IMG_5219.jpg 2048w\" sizes=\"auto, (max-width: 1024px) 100vw, 1024px\" \/><\/figure>\n\n\n\n<figure class=\"wp-block-image size-large\"><img loading=\"lazy\" decoding=\"async\" width=\"683\" height=\"1024\" data-id=\"224\" src=\"https:\/\/kilenstudios.no\/wp-content\/uploads\/2025\/08\/IMG_6547-683x1024.jpg\" alt=\"\" class=\"wp-image-224\" srcset=\"https:\/\/kilenstudios.no\/wp-content\/uploads\/2025\/08\/IMG_6547-683x1024.jpg 683w, https:\/\/kilenstudios.no\/wp-content\/uploads\/2025\/08\/IMG_6547-200x300.jpg 200w, https:\/\/kilenstudios.no\/wp-content\/uploads\/2025\/08\/IMG_6547-768x1152.jpg 768w, https:\/\/kilenstudios.no\/wp-content\/uploads\/2025\/08\/IMG_6547-1024x1536.jpg 1024w, https:\/\/kilenstudios.no\/wp-content\/uploads\/2025\/08\/IMG_6547.jpg 1365w\" sizes=\"auto, (max-width: 683px) 100vw, 683px\" \/><\/figure>\n\n\n\n<figure class=\"wp-block-image size-large\"><img loading=\"lazy\" decoding=\"async\" width=\"1024\" height=\"683\" data-id=\"222\" src=\"https:\/\/kilenstudios.no\/wp-content\/uploads\/2025\/08\/IMG_5068-1024x683.jpg\" alt=\"\" class=\"wp-image-222\" srcset=\"https:\/\/kilenstudios.no\/wp-content\/uploads\/2025\/08\/IMG_5068-1024x683.jpg 1024w, https:\/\/kilenstudios.no\/wp-content\/uploads\/2025\/08\/IMG_5068-300x200.jpg 300w, https:\/\/kilenstudios.no\/wp-content\/uploads\/2025\/08\/IMG_5068-768x512.jpg 768w, https:\/\/kilenstudios.no\/wp-content\/uploads\/2025\/08\/IMG_5068-1536x1024.jpg 1536w, https:\/\/kilenstudios.no\/wp-content\/uploads\/2025\/08\/IMG_5068.jpg 2048w\" sizes=\"auto, (max-width: 1024px) 100vw, 1024px\" \/><\/figure>\n\n\n\n<figure class=\"wp-block-image size-large\"><img loading=\"lazy\" decoding=\"async\" width=\"1024\" height=\"683\" data-id=\"221\" src=\"https:\/\/kilenstudios.no\/wp-content\/uploads\/2025\/08\/IMG_6808-1024x683.jpg\" alt=\"\" class=\"wp-image-221\" srcset=\"https:\/\/kilenstudios.no\/wp-content\/uploads\/2025\/08\/IMG_6808-1024x683.jpg 1024w, https:\/\/kilenstudios.no\/wp-content\/uploads\/2025\/08\/IMG_6808-300x200.jpg 300w, https:\/\/kilenstudios.no\/wp-content\/uploads\/2025\/08\/IMG_6808-768x512.jpg 768w, https:\/\/kilenstudios.no\/wp-content\/uploads\/2025\/08\/IMG_6808-1536x1024.jpg 1536w, https:\/\/kilenstudios.no\/wp-content\/uploads\/2025\/08\/IMG_6808.jpg 2048w\" sizes=\"auto, (max-width: 1024px) 100vw, 1024px\" \/><\/figure>\n<\/figure>\n\n\n\n<div class=\"wp-block-columns is-layout-flex wp-container-core-columns-is-layout-28f84493 wp-block-columns-is-layout-flex\">\n<div class=\"wp-block-column is-layout-flow wp-block-column-is-layout-flow\" style=\"flex-basis:100%\">\n<div class=\"wp-block-media-text is-stacked-on-mobile\"><figure class=\"wp-block-media-text__media\"><img loading=\"lazy\" decoding=\"async\" width=\"1024\" height=\"724\" src=\"https:\/\/kilenstudios.no\/wp-content\/uploads\/2025\/07\/Kopi-av-Kopi-av-Design-uten-navn-1024x724.png\" alt=\"\" class=\"wp-image-211 size-full\" srcset=\"https:\/\/kilenstudios.no\/wp-content\/uploads\/2025\/07\/Kopi-av-Kopi-av-Design-uten-navn-1024x724.png 1024w, https:\/\/kilenstudios.no\/wp-content\/uploads\/2025\/07\/Kopi-av-Kopi-av-Design-uten-navn-300x212.png 300w, https:\/\/kilenstudios.no\/wp-content\/uploads\/2025\/07\/Kopi-av-Kopi-av-Design-uten-navn-768x543.png 768w, https:\/\/kilenstudios.no\/wp-content\/uploads\/2025\/07\/Kopi-av-Kopi-av-Design-uten-navn-1536x1087.png 1536w, https:\/\/kilenstudios.no\/wp-content\/uploads\/2025\/07\/Kopi-av-Kopi-av-Design-uten-navn.png 2000w\" sizes=\"auto, (max-width: 1024px) 100vw, 1024px\" \/><\/figure><div class=\"wp-block-media-text__content\">\n<p>Book time idag!<\/p>\n\n\n\n<p>Photo@kilenstudios.no<\/p>\n<\/div><\/div>\n<\/div>\n<\/div>\n\n\n\n<p><\/p>\n","protected":false},"excerpt":{"rendered":"<p>Trenger du nye bilder? Anna Karina Kilen er v\u00e5r fotograf og er tilgjengelig for b\u00e5de headshots, gruppebilder og arrangementer. Se portef\u00f8ljen p\u00e5 Instagram: @kilenphotos Book time idag! Photo@kilenstudios.no<\/p>\n","protected":false},"author":1,"featured_media":0,"parent":0,"menu_order":0,"comment_status":"closed","ping_status":"closed","template":"","meta":{"footnotes":""},"class_list":["post-210","page","type-page","status-publish","hentry"],"_links":{"self":[{"href":"https:\/\/kilenstudios.no\/index.php?rest_route=\/wp\/v2\/pages\/210","targetHints":{"allow":["GET"]}}],"collection":[{"href":"https:\/\/kilenstudios.no\/index.php?rest_route=\/wp\/v2\/pages"}],"about":[{"href":"https:\/\/kilenstudios.no\/index.php?rest_route=\/wp\/v2\/types\/page"}],"author":[{"embeddable":true,"href":"https:\/\/kilenstudios.no\/index.php?rest_route=\/wp\/v2\/users\/1"}],"replies":[{"embeddable":true,"href":"https:\/\/kilenstudios.no\/index.php?rest_route=%2Fwp%2Fv2%2Fcomments&post=210"}],"version-history":[{"count":4,"href":"https:\/\/kilenstudios.no\/index.php?rest_route=\/wp\/v2\/pages\/210\/revisions"}],"predecessor-version":[{"id":249,"href":"https:\/\/kilenstudios.no\/index.php?rest_route=\/wp\/v2\/pages\/210\/revisions\/249"}],"wp:attachment":[{"href":"https:\/\/kilenstudios.no\/index.php?rest_route=%2Fwp%2Fv2%2Fmedia&parent=210"}],"curies":[{"name":"wp","href":"https:\/\/api.w.org\/{rel}","templated":true}]}}